

{"id":71,"date":"2014-10-02T11:26:41","date_gmt":"2014-10-02T09:26:41","guid":{"rendered":"https:\/\/www.gymnasium-gag.deGAGTest\/?page_id=71"},"modified":"2020-11-19T12:09:48","modified_gmt":"2020-11-19T11:09:48","slug":"anfahrt","status":"publish","type":"page","link":"https:\/\/www.gymnasium-gag.de\/?page_id=71","title":{"rendered":"Anfahrt"},"content":{"rendered":"<div class=\"wpb-content-wrapper\">[vc_row css=&#8220;.vc_custom_1598520567535{background-color: rgba(255,255,255,0.88) !important;*background-color: rgb(255,255,255) !important;border-radius: 20px !important;}&#8220;][vc_column][vc_column_text]\n<h3>Lage der GAG:<\/h3>\n<p>Schleusenstra\u00dfe 4, 26135 Oldenburg; S\u00fcdlich der Innenstadt, kurz vor der C\u00e4cilienbr\u00fccke<\/p>\n<h3>Anreise mit der Bahn\/Bus:<\/h3>\n<p><a href=\"http:\/\/www.weser-ems-bus.de\/weseremsbus\/view\/fahrplan\/kursbuchtmpl.shtml\" target=\"_blank\" rel=\"noopener noreferrer\">Finden Sie hier ihre Bus\/Bahnverbindung auf der Website von Weser-Ems-Bus.<\/a> Weitere Dokumente mit Informationen zum Sch\u00fclertransport finden sich auch unter <a href=\"https:\/\/www.gymnasium-gag.de\/?p=2428\">Downloads<\/a>.<\/p>\n<h3>Anfahrt mit Pkw:<\/h3>\n<p>AB Ausfahrt Kreyenbr\u00fcck<br \/>\nRichtung Zentrum; an der Kreuzung Bremer Stra\u00dfe\/Stedinger Stra\u00dfe nach links einbiegen. Dann \u00fcber die C\u00e4cilienbr\u00fccke bis zur &#8222;Koppelstra\u00dfe&#8220; fahren. Dort nach links abbiegen. Bei der zweiten M\u00f6glichkeit wiederum nach links in die Gerichtsstra\u00dfe einbiegen. Am Ende gelangen Sie auf die Schleusenstra\u00dfe, die in einer Sackgasse an der Graf-Anton-G\u00fcnther-Schule m\u00fcndet.<\/p>\n<h3>Karte:<\/h3>\n<p><small>Hierf\u00fcr ist die Aktivierung von JavaScript notwendig.<\/small><\/p>\n\n        <div id=\"map_ol3js_1\"\n       class=\"osm-map-container undefined\"\n             data-map_name=\"undefined\"\n             data-map=\"map_ol3js_1\"\n             data-autoshow=\"no\"\n             style=\"width:100%;\n                    max-width:100%;\n                    height:450px;\n                    display:block;\n                    overflow:hidden;\n                    border:thin solid grey;\">\n          <div id=\"map_ol3js_1_popup\" class=\"ol-popup\">\n            <a href=\"#\" id=\"map_ol3js_1_popup-closer\" class=\"ol-popup-closer\"><\/a>\n            <div id=\"map_ol3js_1_popup-content\"><\/div>\n          <\/div>\n        <\/div>\n    \n\n\t\t\t\t<script type=\"text\/javascript\">\n          translations['openlayer'] = \"open layer\";\n          translations['openlayerAtStartup'] = \"open layer at startup\";\n          translations['generateLink'] = \"link to this map with opened layers\";\n          translations['shortDescription'] = \"short description\";\n          translations['generatedShortCode'] = \"to get a text control link paste this code in your wordpress editor\";\n          translations['closeLayer'] = \"close layer\";\n          translations['cantGenerateLink'] = \"put this string in the existing map short code to control this map\";\n\t\t\t  <\/script>\n\n\n\t\t\t  <script type=\"text\/javascript\">\n\t\t\t  vectorM['map_ol3js_1'] = [];\n\t        \n        var raster = getTileLayer(\"osm\",\"NoKey\");\t\t\t\n\n\t\t\t  var map_ol3js_1 = new ol.Map({\n\t\t\t\tinteractions: ol.interaction.defaults.defaults({mouseWheelZoom:false}),\n\t\t\t\tlayers: [raster],\n\t\t\t\ttarget: \"map_ol3js_1\",\n\t\t\t\tview: new ol.View({\n\t\t\t\t  center: ol.proj.transform([8.221,53.133], \"EPSG:4326\", \"EPSG:3857\"),\n\t\t\t\t  zoom: 16\n\t\t\t\t})\n\t\t\t  });\n\t\t\t  osm_addMarkerLayer(map_ol3js_1,8.21806,53.13292,\"https:\/\/www.gymnasium-gag.de\/wp-content\/plugins\/osm\/icons\/mic_black_empty_01.png\",-16,-41,\"<p>Gymnasium Graf-Anton-G\u00fcnther-Schule<\/p>\") ; \naddControls2Map(map_ol3js_1,1,0,3,1,5,6,7,1,1);\nosm_addPopupClickhandler(map_ol3js_1,  \"map_ol3js_1\"); \nosm_addMouseHover(map_ol3js_1); <\/script>\n<p><small><a href=\"http:\/\/www.openstreetmap.org\/?mlat=53.13307&amp;mlon=8.21843#map=17\/53.13307\/8.21843\">Kartenausschnitt auf openstreetmap.org anzeigen<\/a><\/small><\/p>\n<p><small>\u00a9 OpenStreetMap-Mitwirkende. Alle Kartendaten sind unter der Open-Database-Lizenz verf\u00fcgbar, Kartografie lizenziert gem\u00e4\u00df CC BY-SA. Siehe <a href=\"https:\/\/www.openstreetmap.org\/copyright\" target=\"_blank\" rel=\"noopener noreferrer\">https:\/\/www.openstreetmap.org\/copyright (ext. Link)<\/a>.<\/small>[\/vc_column_text][\/vc_column][\/vc_row]\n<\/div>","protected":false},"excerpt":{"rendered":"<p>[vc_row css=&#8220;.vc_custom_1598520567535{background-color: rgba(255,255,255,0.88) !important;*background-color: rgb(255,255,255) !important;border-radius: 20px !important;}&#8220;][vc_column][vc_column_text] Lage der GAG: Schleusenstra\u00dfe 4, 26135 Oldenburg; S\u00fcdlich der Innenstadt, kurz vor der C\u00e4cilienbr\u00fccke Anreise mit der Bahn\/Bus: Finden Sie hier ihre Bus\/Bahnverbindung auf der Website von Weser-Ems-Bus. Weitere Dokumente mit Informationen zum Sch\u00fclertransport finden sich auch unter Downloads. Anfahrt mit Pkw: AB Ausfahrt Kreyenbr\u00fcck Richtung Zentrum;&hellip;<\/p>\n","protected":false},"author":1,"featured_media":0,"parent":0,"menu_order":5,"comment_status":"closed","ping_status":"closed","template":"","meta":{"footnotes":""},"class_list":["post-71","page","type-page","status-publish","hentry","entry","no-media"],"_links":{"self":[{"href":"https:\/\/www.gymnasium-gag.de\/index.php?rest_route=\/wp\/v2\/pages\/71","targetHints":{"allow":["GET"]}}],"collection":[{"href":"https:\/\/www.gymnasium-gag.de\/index.php?rest_route=\/wp\/v2\/pages"}],"about":[{"href":"https:\/\/www.gymnasium-gag.de\/index.php?rest_route=\/wp\/v2\/types\/page"}],"author":[{"embeddable":true,"href":"https:\/\/www.gymnasium-gag.de\/index.php?rest_route=\/wp\/v2\/users\/1"}],"replies":[{"embeddable":true,"href":"https:\/\/www.gymnasium-gag.de\/index.php?rest_route=%2Fwp%2Fv2%2Fcomments&post=71"}],"version-history":[{"count":40,"href":"https:\/\/www.gymnasium-gag.de\/index.php?rest_route=\/wp\/v2\/pages\/71\/revisions"}],"predecessor-version":[{"id":15335,"href":"https:\/\/www.gymnasium-gag.de\/index.php?rest_route=\/wp\/v2\/pages\/71\/revisions\/15335"}],"wp:attachment":[{"href":"https:\/\/www.gymnasium-gag.de\/index.php?rest_route=%2Fwp%2Fv2%2Fmedia&parent=71"}],"curies":[{"name":"wp","href":"https:\/\/api.w.org\/{rel}","templated":true}]}}